{"id":56,"date":"2017-06-11T13:34:40","date_gmt":"2017-06-11T13:34:40","guid":{"rendered":"http:\/\/www.finelineconstructions.de\/?page_id=56"},"modified":"2026-02-19T13:59:52","modified_gmt":"2026-02-19T13:59:52","slug":"impressum","status":"publish","type":"page","link":"http:\/\/www.finelinegmbh.de\/?page_id=56","title":{"rendered":"Impressum"},"content":{"rendered":"<p>Impressum<\/p>\n<p>Fineline GmbH<br \/>\nAmselweg 6<br \/>\n74078 Heilbronn<\/p>\n<p>Telefon: +49 (0) 157 845 310 61<br \/>\nE-Mail: <a href=\"mailto:info@finelinegmbh.de\" target=\"_blank\" rel=\"noopener\">info@finelinegmbh.de<\/a><\/p>\n<p>Gesch\u00e4ftsf\u00fchrer: Kai Epli<\/p>\n<p>Umsatzsteuer-Identifikations-Nr.: DE342509246<br \/>\nAmtsgericht Stuttgart<br \/>\nGesch\u00e4fts-Nr. HRB 778516<br \/>\nGerichtsstand: Heilbronn<\/p>\n<p>Urheberrechtshinweise<br \/>\nDie Inhalte und Programme dieser Website sind durch uns urheberrechtlich gesch\u00fctzt. Alle Rechte daran behalten wir uns vor. Teile dieser Website k\u00f6nnen Bilder, Texte oder Sounds beinhalten, die dem Urheberrecht Dritter unterliegen. Die Urheberrechtshinweise in diesen F\u00e4llen sind an entsprechenden Stellen vermerkt. Informationen auf dieser Website, einschlie\u00dflich Texten, Bildern und Sound, d\u00fcrfen nicht, sofern nicht ausdr\u00fccklich anders bestimmt, vervielf\u00e4ltigt, transferiert, vertrieben oder gespeichert werden ohne schriftliche Genehmigung des Herausgebers. Modifikationen des Inhalts dieser Website sind ausdr\u00fccklich untersagt.<\/p>\n<p>Hinweise zu externen Links<br \/>\nMit Urteil vom 12. Mai 1998 \u2013 312 O 85\/98 \u2013 \u201cHaftung f\u00fcr Links\u201d hat das Landgericht (LG) Hamburg entschieden, dass man durch die Anbringung eines Links, die Inhalte der gelinkten Seite ggf. mit zu verantworten hat. Dies kann (?) so das LG \u2013 nur dadurch verhindert werden, dass man sich ausdr\u00fccklich von diesen Inhalten distanziert. Hiermit distanzieren wir uns ausdr\u00fccklich von allen Inhalten aller gelinkten Seiten auf unserer Homepage und machen uns diese Inhalte nicht zu eigen. Diese Erkl\u00e4rung gilt f\u00fcr alle in diesem Projekt (auf dieser Website) angebrachten Links.<\/p>\n<p>Haftungsausschluss<br \/>\nDie Informationen auf dieser Website verstehen sich als \u201cAussagen an sich\u201d ohne implizite Garantien jedweder Art. Die bereitgestellten Informationen auf dieser Website wurden sorgf\u00e4ltig gepr\u00fcft und werden regelm\u00e4\u00dfig aktualisiert. Jedoch kann keine Garantie daf\u00fcr \u00fcbernommen werden, dass alle Angaben zu jeder Zeit vollst\u00e4ndig, richtig und in letzter Aktualit\u00e4t dargestellt sind. Dies gilt insbesondere f\u00fcr alle Verbindungen (\u201cLinks\u201d) zu anderen Web Sites, auf die direkt oder indirekt verwiesen wird. Alle Angaben k\u00f6nnen ohne vorherige Ank\u00fcndigung erg\u00e4nzt, entfernt oder ge\u00e4ndert werden. Au\u00dferdem liegt es nicht in unserer Verantwortung, Vorsichtsma\u00dfnahmen zu ergreifen gegen destruktive Programme oder Programmteile wie Viren, Worms, Trojanische Pferde o.\u00e4., die auf Webservern liegen, die m\u00f6glicherweise durch Links von unserer Website aus erreicht werden.<\/p>\n<p>Datenschutzhinweise<br \/>\nWenn Sie mittels E-Mail oder WWW-Formular Kontakt mit uns aufnehmen m\u00f6chten, sollten Sie wissen, dass wir Ihre pers\u00f6nlichen Daten (Name, Adresse), die Sie uns \u00fcbermitteln, elektronisch speichern, um sie f\u00fcr Kommunikationszwecke mit Ihnen zu verwenden. Wir werden Ihre Daten grunds\u00e4tzlich nicht an Dritte verkaufen oder vermieten. Eine \u00dcbermittlung an Dritte erfolgt nur mit Ihrer Einwilligung, insbesondere soweit die \u00dcbermittlung zur Erbringung von Ihnen in Anspruch genommener Dienste erforderlich ist oder soweit sonst gesetzlich zul\u00e4ssig. Mit der Nutzung dieser Website und der Abgabe Ihrer pers\u00f6nlichen Daten per E-Mail oder WWW-Formular geben Sie Ihre Einwilligung zu der hier beschriebenen Erhebung, Verarbeitung und Nutzung Ihrer pers\u00f6nlichen Daten. Sie k\u00f6nnen diese Einwilligung jederzeit widerrufen und auch die L\u00f6schung Ihrer Daten verlangen.<\/p>\n","protected":false},"excerpt":{"rendered":"<p>Impressum Fineline GmbH Amselweg 6 74078 Heilbronn Telefon: +49 (0) 157 845 310 61 E-Mail: info@finelinegmbh.de Gesch\u00e4ftsf\u00fchrer: Kai Epli Umsatzsteuer-Identifikations-Nr.: DE342509246 Amtsgericht Stuttgart Gesch\u00e4fts-Nr. HRB 778516 Gerichtsstand: Heilbronn Urheberrechtshinweise Die Inhalte und Programme dieser Website sind durch uns urheberrechtlich gesch\u00fctzt. Alle Rechte daran behalten wir uns vor. Teile dieser Website k\u00f6nnen Bilder, Texte oder Sounds &hellip; <\/p>\n<p class=\"link-more\"><a href=\"http:\/\/www.finelinegmbh.de\/?page_id=56\" class=\"more-link\"><span class=\"screen-reader-text\">\u201eImpressum\u201c<\/span> weiterlesen<\/a><\/p>\n","protected":false},"author":1,"featured_media":0,"parent":0,"menu_order":0,"comment_status":"closed","ping_status":"closed","template":"","meta":{"footnotes":""},"class_list":["post-56","page","type-page","status-publish","hentry"],"_links":{"self":[{"href":"http:\/\/www.finelinegmbh.de\/index.php?rest_route=\/wp\/v2\/pages\/56","targetHints":{"allow":["GET"]}}],"collection":[{"href":"http:\/\/www.finelinegmbh.de\/index.php?rest_route=\/wp\/v2\/pages"}],"about":[{"href":"http:\/\/www.finelinegmbh.de\/index.php?rest_route=\/wp\/v2\/types\/page"}],"author":[{"embeddable":true,"href":"http:\/\/www.finelinegmbh.de\/index.php?rest_route=\/wp\/v2\/users\/1"}],"replies":[{"embeddable":true,"href":"http:\/\/www.finelinegmbh.de\/index.php?rest_route=%2Fwp%2Fv2%2Fcomments&post=56"}],"version-history":[{"count":6,"href":"http:\/\/www.finelinegmbh.de\/index.php?rest_route=\/wp\/v2\/pages\/56\/revisions"}],"predecessor-version":[{"id":158,"href":"http:\/\/www.finelinegmbh.de\/index.php?rest_route=\/wp\/v2\/pages\/56\/revisions\/158"}],"wp:attachment":[{"href":"http:\/\/www.finelinegmbh.de\/index.php?rest_route=%2Fwp%2Fv2%2Fmedia&parent=56"}],"curies":[{"name":"wp","href":"https:\/\/api.w.org\/{rel}","templated":true}]}}